{"id":1772,"date":"2018-12-10T10:18:19","date_gmt":"2018-12-10T09:18:19","guid":{"rendered":"https:\/\/www.kleinedejong.nl\/?page_id=1772"},"modified":"2022-07-01T14:44:25","modified_gmt":"2022-07-01T12:44:25","slug":"kontakt","status":"publish","type":"page","link":"https:\/\/www.kleinedejong.nl\/de\/kontakt\/","title":{"rendered":"Kontakt"},"content":{"rendered":"<div id='ocean'  class='avia-section av-jhpzln8t-180e2f65b5bdca1292e8e2f398046e7f main_color avia-section-default avia-no-border-styling  avia-builder-el-0  el_before_av_section  avia-builder-el-first  avia-bg-style-scroll container_wrap fullsize'  ><div class='container av-section-cont-open' ><main  role=\"main\" itemprop=\"mainContentOfPage\"  class='template-page content  av-content-full alpha units'><div class='post-entry post-entry-type-page post-entry-1772'><div class='entry-content-wrapper clearfix'>\n\n<style type=\"text\/css\" data-created_by=\"avia_inline_auto\" id=\"style-css-av-49kv-7a874cbab04e83aba54352d053668ff9\">\n.flex_column.av-49kv-7a874cbab04e83aba54352d053668ff9{\nborder-radius:0px 0px 0px 0px;\npadding:0px 0px 0px 0px;\n}\n<\/style>\n<div  class='flex_column av-49kv-7a874cbab04e83aba54352d053668ff9 av_one_third  avia-builder-el-1  avia-builder-el-no-sibling  flex_column_div av-zero-column-padding  '     ><p>\n<style type=\"text\/css\" data-created_by=\"avia_inline_auto\" id=\"style-css-av-jpi3tskw-58b9e1c33881d269653d7a50071fe29b\">\n#top .av-special-heading.av-jpi3tskw-58b9e1c33881d269653d7a50071fe29b{\npadding-bottom:10px;\n}\nbody .av-special-heading.av-jpi3tskw-58b9e1c33881d269653d7a50071fe29b .av-special-heading-tag .heading-char{\nfont-size:25px;\n}\n.av-special-heading.av-jpi3tskw-58b9e1c33881d269653d7a50071fe29b .av-subheading{\nfont-size:15px;\n}\n<\/style>\n<div  class='av-special-heading av-jpi3tskw-58b9e1c33881d269653d7a50071fe29b av-special-heading-h2 blockquote modern-quote  avia-builder-el-2  el_before_av_hr  avia-builder-el-first '><h2 class='av-special-heading-tag '  itemprop=\"headline\"  >Daten<\/h2><div class=\"special-heading-border\"><div class=\"special-heading-inner-border\"><\/div><\/div><\/div><br \/>\n\n<style type=\"text\/css\" data-created_by=\"avia_inline_auto\" id=\"style-css-av-jl3g4tgx-cca5051781043ae8ea2b0da866d74ae9\">\n#top .hr.hr-invisible.av-jl3g4tgx-cca5051781043ae8ea2b0da866d74ae9{\nheight:25px;\n}\n<\/style>\n<div  class='hr av-jl3g4tgx-cca5051781043ae8ea2b0da866d74ae9 hr-invisible  avia-builder-el-3  el_after_av_heading  el_before_av_textblock '><span class='hr-inner '><span class=\"hr-inner-style\"><\/span><\/span><\/div><br \/>\n<section  class='av_textblock_section av-jhq0rwfp-79f714d04e2abdc4baea225af4733142 '   itemscope=\"itemscope\" itemtype=\"https:\/\/schema.org\/CreativeWork\" ><div class='avia_textblock'  itemprop=\"text\" ><p><strong>Kleine de Jong B.V.<\/strong><br \/>\n<a href=\"tel:+31624502517\" target=\"_blank\" rel=\"noopener\">+31 (0) 6 24502517<\/a><br \/>\n<a href=\"tel:+31642296019\" target=\"_blank\" rel=\"noopener\">+31 (0) 6 42296019<\/a><br \/>\n<a href=\"mailto:info@kleinedejong.nl\">info@kleinedejong.nl<\/a><\/p>\n<p><a href=\"https:\/\/www.marinetraffic.com\/en\/ais\/details\/ships\/shipid:242944\/vessel:ISABEL\" target=\"_blank\" rel=\"noopener\">Wohin segelt die Isabel?<\/a><br \/>\n<a href=\"https:\/\/www.marinetraffic.com\/en\/photos\/of\/ships\/shipid:136937\/ship_name:SOFIE\" target=\"_blank\" rel=\"noopener\">Wohin segelt die Sofie?<\/a><\/p>\n<\/div><\/section><br \/>\n<div  class='avia-logo-element-container av-jl3foall-ed4445bce4aeb0f3006f4ee460698800 av-border-deactivate avia-logo-grid avia-content-slider avia-smallarrow-slider avia-content-grid-active noHover avia-content-slider-even  avia-builder-el-5  el_after_av_textblock  avia-builder-el-last  avia-content-slider1' ><div class='avia-smallarrow-slider-heading  no-logo-slider-heading '><div class='new-special-heading'>&nbsp;<\/div><\/div><div class=\"avia-content-slider-inner\"><div class=\"slide-entry-wrap\"><div data-avia-tooltip=\"Verbunden mit BLN-Schuttevaer\" class='slide-entry av-j4p18-fe2f6a587331a3baee9421585a738834 flex_column no_margin av_one_half real-thumbnail post-entry slide-entry-overview slide-loop-1 slide-parity-odd  first'><a href=\"https:\/\/www.bln.nl\/\" data-rel='slide-1' class='slide-image' title=''  target=\"_blank\"  rel=\"noopener noreferrer\"><span class='av-partner-fake-img' style='padding-bottom:100%; background-image:url(https:\/\/www.kleinedejong.nl\/wp-content\/uploads\/2018\/08\/BLN-KONINGKLIJKE-SCHUTTEVAER.png);'><\/span><\/a><\/div><div data-avia-tooltip=\"versichert mit EOC\" class='slide-entry av-4v1oxo-4f3c9fa7a014446014342e136c7a5a38 flex_column no_margin av_one_half real-thumbnail post-entry slide-entry-overview slide-loop-2 slide-parity-even post-entry-last '><a href=\"https:\/\/www.eoc.nl\/\" data-rel='slide-1' class='slide-image' title=''  target=\"_blank\"  rel=\"noopener noreferrer\"><span class='av-partner-fake-img' style='padding-bottom:100%; background-image:url(https:\/\/www.kleinedejong.nl\/wp-content\/uploads\/2018\/08\/logo-eoc-voortvarend-verzekerd-1.jpeg);'><\/span><\/a><\/div><\/div><\/div><\/div><\/p><\/div><\/div><\/div><\/main><!-- close content main element --><\/div><\/div>\n<style type=\"text\/css\" data-created_by=\"avia_inline_auto\" id=\"style-css-av-jo5xuczy-41e253d57cbd2009f3467f36ec83f47b\">\n.avia-section.av-jo5xuczy-41e253d57cbd2009f3467f36ec83f47b{\nbackground-repeat:no-repeat;\nbackground-image:url(https:\/\/www.kleinedejong.nl\/wp-content\/uploads\/2018\/11\/zonsopkomst-isabel.jpg);\nbackground-position:50% 50%;\nbackground-attachment:fixed;\n}\n<\/style>\n<div id='av_section_2'  class='avia-section av-jo5xuczy-41e253d57cbd2009f3467f36ec83f47b main_color avia-section-default avia-no-border-styling  avia-builder-el-6  el_after_av_section  el_before_av_section  avia-bg-style-fixed av-minimum-height av-minimum-height-50 av-height-50  container_wrap fullsize'  data-section-bg-repeat='no-repeat' data-av_minimum_height_pc='50' data-av_min_height_opt='50'><div class='container av-section-cont-open' ><div class='template-page content  av-content-full alpha units'><div class='post-entry post-entry-type-page post-entry-1772'><div class='entry-content-wrapper clearfix'><\/p>\n<\/div><\/div><\/div><!-- close content main div --><\/div><\/div>\n<style type=\"text\/css\" data-created_by=\"avia_inline_auto\" id=\"style-css-av-d6vj-4c0a49be92c2edfb64e2e30b7f641b5a\">\n.avia-section.av-d6vj-4c0a49be92c2edfb64e2e30b7f641b5a{\nbackground-color:#f7f7f7;\nbackground-image:unset;\n}\n<\/style>\n<div id='meer'  class='avia-section av-d6vj-4c0a49be92c2edfb64e2e30b7f641b5a main_color avia-section-default avia-no-border-styling  avia-builder-el-7  el_after_av_section  el_before_av_section  avia-bg-style-scroll container_wrap fullsize'  ><div class='container av-section-cont-open' ><div class='template-page content  av-content-full alpha units'><div class='post-entry post-entry-type-page post-entry-1772'><div class='entry-content-wrapper clearfix'>\n\n<style type=\"text\/css\" data-created_by=\"avia_inline_auto\" id=\"style-css-av-2qts2k-5c27513493819fd5fa6937fabd88f7a2\">\n#top .av-special-heading.av-2qts2k-5c27513493819fd5fa6937fabd88f7a2{\npadding-bottom:10px;\n}\nbody .av-special-heading.av-2qts2k-5c27513493819fd5fa6937fabd88f7a2 .av-special-heading-tag .heading-char{\nfont-size:25px;\n}\n.av-special-heading.av-2qts2k-5c27513493819fd5fa6937fabd88f7a2 .av-subheading{\nfont-size:15px;\n}\n<\/style>\n<div  class='av-special-heading av-2qts2k-5c27513493819fd5fa6937fabd88f7a2 av-special-heading-h2 blockquote modern-quote  avia-builder-el-8  el_before_av_hr  avia-builder-el-first '><h2 class='av-special-heading-tag '  itemprop=\"headline\"  >Meer&#8230;<\/h2><div class=\"special-heading-border\"><div class=\"special-heading-inner-border\"><\/div><\/div><\/div>\n\n<style type=\"text\/css\" data-created_by=\"avia_inline_auto\" id=\"style-css-av-jo5q3jbd-a930f00a081cc6d0e3ec9888dc7e9b1d\">\n#top .hr.hr-invisible.av-jo5q3jbd-a930f00a081cc6d0e3ec9888dc7e9b1d{\nheight:35px;\n}\n<\/style>\n<div  class='hr av-jo5q3jbd-a930f00a081cc6d0e3ec9888dc7e9b1d hr-invisible  avia-builder-el-9  el_after_av_heading  el_before_av_three_fourth '><span class='hr-inner '><span class=\"hr-inner-style\"><\/span><\/span><\/div>\n\n<style type=\"text\/css\" data-created_by=\"avia_inline_auto\" id=\"style-css-av-2l2hr-b4f1c728637d426340c2716aadfc2be4\">\n.flex_column.av-2l2hr-b4f1c728637d426340c2716aadfc2be4{\nborder-radius:0px 0px 0px 0px;\npadding:0px 0px 0px 0px;\n}\n<\/style>\n<div  class='flex_column av-2l2hr-b4f1c728637d426340c2716aadfc2be4 av_three_fourth  avia-builder-el-10  el_after_av_hr  el_before_av_one_fourth  first flex_column_div av-zero-column-padding  '     ><p>\n<style type=\"text\/css\" data-created_by=\"avia_inline_auto\" id=\"style-css-av-jpi3s3l5-af03c95ca8869a80d43e0812c65b89a9\">\n#top .av-special-heading.av-jpi3s3l5-af03c95ca8869a80d43e0812c65b89a9{\npadding-bottom:10px;\n}\nbody .av-special-heading.av-jpi3s3l5-af03c95ca8869a80d43e0812c65b89a9 .av-special-heading-tag .heading-char{\nfont-size:25px;\n}\n.av-special-heading.av-jpi3s3l5-af03c95ca8869a80d43e0812c65b89a9 .av-subheading{\nfont-size:15px;\n}\n<\/style>\n<div  class='av-special-heading av-jpi3s3l5-af03c95ca8869a80d43e0812c65b89a9 av-special-heading-h3 blockquote modern-quote  avia-builder-el-11  el_before_av_textblock  avia-builder-el-first '><h3 class='av-special-heading-tag '  itemprop=\"headline\"  >Freie Stellen\/ Bewerbungen<\/h3><div class=\"special-heading-border\"><div class=\"special-heading-inner-border\"><\/div><\/div><\/div><br \/>\n<section  class='av_textblock_section av-jo5pzm92-57608bdc17b7718d58b706fb32a657c1 '   itemscope=\"itemscope\" itemtype=\"https:\/\/schema.org\/CreativeWork\" ><div class='avia_textblock'  itemprop=\"text\" ><ul>\n<li>Begeisterter (fast patentierter) <strong>Steuermann<\/strong> in Festanstellung gesucht! F\u00fcr den Zementfrachter Sofie (85 m). Auf der Basis von 2 Wochen Dienst, 2 Wochen frei. Aufstiegsm\u00f6glichkeiten vorhanden. Gehalt und \u00fcbrige Konditionen in Absprache. Fahrtgebiet: Belgien &#8211; Deutschland &#8211; Niederlande.<br \/>\nInteresse? Rufen Sie uns an unter (0031) &#8211; (0)642296019 J. Kleine.<\/li>\n<\/ul>\n<ul>\n<li>Du bist Sch\u00fcler und suchst einen <strong>Praktikumsplatz<\/strong>? Wir suchen laufend motivierte und lernbereite Nachwuchskr\u00e4fte.<br \/>\nInteresse? Ruf an unter (0031) &#8211; (0)642296019 J. Kleine.<\/li>\n<\/ul>\n<\/div><\/section><\/p><\/div>\n<style type=\"text\/css\" data-created_by=\"avia_inline_auto\" id=\"style-css-av-6tv3-be28902d66c0e498c54fa6ecde583e3d\">\n.flex_column.av-6tv3-be28902d66c0e498c54fa6ecde583e3d{\nborder-radius:0px 0px 0px 0px;\npadding:0px 0px 0px 0px;\n}\n<\/style>\n<div  class='flex_column av-6tv3-be28902d66c0e498c54fa6ecde583e3d av_one_fourth  avia-builder-el-13  el_after_av_three_fourth  avia-builder-el-last  flex_column_div av-zero-column-padding  '     ><style type=\"text\/css\" data-created_by=\"avia_inline_auto\" id=\"style-css-av-jlmbk35e-bc0ddbee0bfce399b5d2c2fd6db49c11\">\n.avia-image-container.av-jlmbk35e-bc0ddbee0bfce399b5d2c2fd6db49c11 img.avia_image{\nbox-shadow:none;\n}\n.avia-image-container.av-jlmbk35e-bc0ddbee0bfce399b5d2c2fd6db49c11 .av-image-caption-overlay-center{\ncolor:#ffffff;\n}\n<\/style>\n<div  class='avia-image-container av-jlmbk35e-bc0ddbee0bfce399b5d2c2fd6db49c11 av-styling- avia-align-center  avia-builder-el-14  avia-builder-el-no-sibling '   itemprop=\"image\" itemscope=\"itemscope\" itemtype=\"https:\/\/schema.org\/ImageObject\" ><div class=\"avia-image-container-inner\"><div class=\"avia-image-overlay-wrap\"><img decoding=\"async\" fetchpriority=\"high\" class='wp-image-1673 avia-img-lazy-loading-not-1673 avia_image ' src=\"https:\/\/www.kleinedejong.nl\/wp-content\/uploads\/2018\/08\/sbb-erkend-leerbedrijf.png\" alt='' title='SBB Erkend Leerbedrijf'  height=\"200\" width=\"200\"  itemprop=\"thumbnailUrl\" srcset=\"https:\/\/www.kleinedejong.nl\/wp-content\/uploads\/2018\/08\/sbb-erkend-leerbedrijf.png 200w, https:\/\/www.kleinedejong.nl\/wp-content\/uploads\/2018\/08\/sbb-erkend-leerbedrijf-80x80.png 80w, https:\/\/www.kleinedejong.nl\/wp-content\/uploads\/2018\/08\/sbb-erkend-leerbedrijf-36x36.png 36w, https:\/\/www.kleinedejong.nl\/wp-content\/uploads\/2018\/08\/sbb-erkend-leerbedrijf-180x180.png 180w, https:\/\/www.kleinedejong.nl\/wp-content\/uploads\/2018\/08\/sbb-erkend-leerbedrijf-120x120.png 120w\" sizes=\"(max-width: 200px) 100vw, 200px\" \/><\/div><\/div><\/div><\/div>\n\n<\/div><\/div><\/div><!-- close content main div --><\/div><\/div>\n<style type=\"text\/css\" data-created_by=\"avia_inline_auto\" id=\"style-css-av-jo5xuczy-0bd5c80f3e1a17a9e435a65b7155ae45\">\n.avia-section.av-jo5xuczy-0bd5c80f3e1a17a9e435a65b7155ae45{\nbackground-repeat:no-repeat;\nbackground-image:url(https:\/\/www.kleinedejong.nl\/wp-content\/uploads\/2018\/11\/IMG_7439-1500x1125.jpg);\nbackground-position:50% 50%;\nbackground-attachment:fixed;\n}\n<\/style>\n<div id='av_section_4'  class='avia-section av-jo5xuczy-0bd5c80f3e1a17a9e435a65b7155ae45 main_color avia-section-default avia-no-border-styling  avia-builder-el-15  el_after_av_section  el_before_av_section  avia-bg-style-fixed av-minimum-height av-minimum-height-25 av-height-25  container_wrap fullsize'  data-section-bg-repeat='no-repeat' data-av_minimum_height_pc='25' data-av_min_height_opt='25'><div class='container av-section-cont-open' ><div class='template-page content  av-content-full alpha units'><div class='post-entry post-entry-type-page post-entry-1772'><div class='entry-content-wrapper clearfix'>\n<\/div><\/div><\/div><!-- close content main div --><\/div><\/div><div id='av_section_5'  class='avia-section av-jo5q14a1-e695e8ecf951cb321dcdc75458161aad main_color avia-section-default avia-no-border-styling  avia-builder-el-16  el_after_av_section  avia-builder-el-last  avia-bg-style-scroll container_wrap fullsize'  ><div class='container av-section-cont-open' ><div class='template-page content  av-content-full alpha units'><div class='post-entry post-entry-type-page post-entry-1772'><div class='entry-content-wrapper clearfix'>\n\n<style type=\"text\/css\" data-created_by=\"avia_inline_auto\" id=\"style-css-av-jpi3thdp-2b95739873686ccab162acb37ceff809\">\n#top .av-special-heading.av-jpi3thdp-2b95739873686ccab162acb37ceff809{\npadding-bottom:10px;\n}\nbody .av-special-heading.av-jpi3thdp-2b95739873686ccab162acb37ceff809 .av-special-heading-tag .heading-char{\nfont-size:25px;\n}\n.av-special-heading.av-jpi3thdp-2b95739873686ccab162acb37ceff809 .av-subheading{\nfont-size:15px;\n}\n<\/style>\n<div  class='av-special-heading av-jpi3thdp-2b95739873686ccab162acb37ceff809 av-special-heading-h3 blockquote modern-quote  avia-builder-el-17  el_before_av_one_half  avia-builder-el-first '><h3 class='av-special-heading-tag '  itemprop=\"headline\"  >Externe links<\/h3><div class=\"special-heading-border\"><div class=\"special-heading-inner-border\"><\/div><\/div><\/div>\n\n<style type=\"text\/css\" data-created_by=\"avia_inline_auto\" id=\"style-css-av-1ey7n-8db7e238d59457d8ea0f67a0dc3d11e8\">\n.flex_column.av-1ey7n-8db7e238d59457d8ea0f67a0dc3d11e8{\nborder-radius:0px 0px 0px 0px;\npadding:0px 0px 0px 0px;\n}\n<\/style>\n<div  class='flex_column av-1ey7n-8db7e238d59457d8ea0f67a0dc3d11e8 av_one_half  avia-builder-el-18  el_after_av_heading  el_before_av_one_half  first flex_column_div av-zero-column-padding  '     ><section  class='av_textblock_section av-jo5pzm92-57608bdc17b7718d58b706fb32a657c1 '   itemscope=\"itemscope\" itemtype=\"https:\/\/schema.org\/CreativeWork\" ><div class='avia_textblock'  itemprop=\"text\" ><p><a href=\"http:\/\/www.bln.nl\" target=\"_blank\" rel=\"noopener\">www.bln.nl<\/a><\/p>\n<p><a href=\"http:\/\/www.geertjerosa.nl\" target=\"_blank\" rel=\"noopener\">www.geertjerosa.nl<\/a><\/p>\n<p><a href=\"http:\/\/www.cumarine.nl\" target=\"_blank\" rel=\"noopener\">www.cumarine.nl<\/a><\/p>\n<p><a href=\"http:\/\/www.de2dames.nl\" target=\"_blank\" rel=\"noopener\">www.de2dames.nl<\/a><\/p>\n<p><a href=\"http:\/\/www.air-compressor-guide.com\" target=\"_blank\" rel=\"noopener\">www.air-compressor-guide.com<\/a><\/p>\n<\/div><\/section><\/div>\n<style type=\"text\/css\" data-created_by=\"avia_inline_auto\" id=\"style-css-av-1033r-ed60aa64be533443aceb0052a6b9fd42\">\n.flex_column.av-1033r-ed60aa64be533443aceb0052a6b9fd42{\nborder-radius:0px 0px 0px 0px;\npadding:0px 0px 0px 0px;\n}\n<\/style>\n<div  class='flex_column av-1033r-ed60aa64be533443aceb0052a6b9fd42 av_one_half  avia-builder-el-20  el_after_av_one_half  el_before_av_codeblock  flex_column_div av-zero-column-padding  '     ><section  class='av_textblock_section av-jo5pzm92-57608bdc17b7718d58b706fb32a657c1 '   itemscope=\"itemscope\" itemtype=\"https:\/\/schema.org\/CreativeWork\" ><div class='avia_textblock'  itemprop=\"text\" ><p><a href=\"http:\/\/www.maritiemeacademieharlingen.nl\" target=\"_blank\" rel=\"noopener\">www.maritiemeacademieharlingen.nl<\/a><\/p>\n<p><a href=\"http:\/\/www.strontraceworkum.nl\" target=\"_blank\" rel=\"noopener\">www.zeilvracht.nl<\/a><\/p>\n<p><a href=\"http:\/\/www.ingeshipping.nl\" target=\"_blank\" rel=\"noopener\">www.ingeshipping.nl<\/a><\/p>\n<p><a href=\"http:\/\/www.scheepswerftalsma.nl\" target=\"_blank\" rel=\"noopener\">www.scheepswerftalsma.nl<\/a><\/p>\n<p><a href=\"https:\/\/www.bureauvoorlichtingbinnenvaart.nl\/\">https:\/\/www.bureauvoorlichtingbinnenvaart.nl\/<\/a><\/p>\n<\/div><\/section><\/div>\n\n","protected":false},"excerpt":{"rendered":"","protected":false},"author":1,"featured_media":0,"parent":0,"menu_order":0,"comment_status":"closed","ping_status":"closed","template":"","meta":{"_acf_changed":false,"footnotes":""},"class_list":["post-1772","page","type-page","status-publish","hentry"],"acf":[],"_links":{"self":[{"href":"https:\/\/www.kleinedejong.nl\/de\/wp-json\/wp\/v2\/pages\/1772","targetHints":{"allow":["GET"]}}],"collection":[{"href":"https:\/\/www.kleinedejong.nl\/de\/wp-json\/wp\/v2\/pages"}],"about":[{"href":"https:\/\/www.kleinedejong.nl\/de\/wp-json\/wp\/v2\/types\/page"}],"author":[{"embeddable":true,"href":"https:\/\/www.kleinedejong.nl\/de\/wp-json\/wp\/v2\/users\/1"}],"replies":[{"embeddable":true,"href":"https:\/\/www.kleinedejong.nl\/de\/wp-json\/wp\/v2\/comments?post=1772"}],"version-history":[{"count":3,"href":"https:\/\/www.kleinedejong.nl\/de\/wp-json\/wp\/v2\/pages\/1772\/revisions"}],"predecessor-version":[{"id":2712,"href":"https:\/\/www.kleinedejong.nl\/de\/wp-json\/wp\/v2\/pages\/1772\/revisions\/2712"}],"wp:attachment":[{"href":"https:\/\/www.kleinedejong.nl\/de\/wp-json\/wp\/v2\/media?parent=1772"}],"curies":[{"name":"wp","href":"https:\/\/api.w.org\/{rel}","templated":true}]}}