{"id":1769,"date":"2018-12-10T10:11:53","date_gmt":"2018-12-10T09:11:53","guid":{"rendered":"https:\/\/www.kleinedejong.nl\/?page_id=1769"},"modified":"2018-12-10T10:56:31","modified_gmt":"2018-12-10T09:56:31","slug":"sofie","status":"publish","type":"page","link":"https:\/\/www.kleinedejong.nl\/de\/sofie\/","title":{"rendered":"Sofie"},"content":{"rendered":"\n<style type=\"text\/css\" data-created_by=\"avia_inline_auto\" id=\"style-css-av-jhniuij2-4ac86ba2ac7d78e18768cb756a59b892\">\n.avia-section.av-jhniuij2-4ac86ba2ac7d78e18768cb756a59b892{\nbackground-repeat:no-repeat;\nbackground-image:url(https:\/\/www.kleinedejong.nl\/wp-content\/uploads\/2018\/11\/1-varende-foto-Sofie-002.jpg);\nbackground-position:50% 50%;\nbackground-attachment:scroll;\n}\n<\/style>\n<div id='vervolg_header'  class='avia-section av-jhniuij2-4ac86ba2ac7d78e18768cb756a59b892 main_color avia-section-default avia-no-border-styling  avia-builder-el-0  el_before_av_section  avia-builder-el-first  avia-full-stretch avia-bg-style-scroll container_wrap fullsize'  data-section-bg-repeat='stretch'><div class='container av-section-cont-open' ><main  role=\"main\" itemprop=\"mainContentOfPage\"  class='template-page content  av-content-full alpha units'><div class='post-entry post-entry-type-page post-entry-1769'><div class='entry-content-wrapper clearfix'>\n\n<style type=\"text\/css\" data-created_by=\"avia_inline_auto\" id=\"style-css-av-zae3-738ff5d720df9f14b2f720cf5e66a356\">\n.flex_column.av-zae3-738ff5d720df9f14b2f720cf5e66a356{\nborder-radius:0px 0px 0px 0px;\npadding:0px 0px 0px 0px;\n}\n<\/style>\n<div  class='flex_column av-zae3-738ff5d720df9f14b2f720cf5e66a356 av_one_full  avia-builder-el-1  el_before_av_hr  avia-builder-el-first  first flex_column_div av-zero-column-padding  '     ><\/div>\n<style type=\"text\/css\" data-created_by=\"avia_inline_auto\" id=\"style-css-av-jhnj9dxv-c45c19d616fc58ca58cf530bf711ade7\">\n#top .hr.hr-invisible.av-jhnj9dxv-c45c19d616fc58ca58cf530bf711ade7{\nheight:400px;\n}\n<\/style>\n<div  class='hr av-jhnj9dxv-c45c19d616fc58ca58cf530bf711ade7 hr-invisible  avia-builder-el-2  el_after_av_one_full  avia-builder-el-last '><span class='hr-inner '><span class=\"hr-inner-style\"><\/span><\/span><\/div>\n\n<\/div><\/div><\/main><!-- close content main element --><\/div><\/div><div id='intro_vervolg'  class='avia-section av-o8pf-98ae0a9127de8addf08543ac7d257cad main_color avia-section-default avia-no-border-styling  avia-builder-el-3  el_after_av_section  el_before_av_section  avia-bg-style-scroll container_wrap fullsize'  ><div class='container av-section-cont-open' ><div class='template-page content  av-content-full alpha units'><div class='post-entry post-entry-type-page post-entry-1769'><div class='entry-content-wrapper clearfix'>\n\n<style type=\"text\/css\" data-created_by=\"avia_inline_auto\" id=\"style-css-av-av_heading-09c59d7d1525144d41054bfa472b952b\">\n#top .av-special-heading.av-av_heading-09c59d7d1525144d41054bfa472b952b{\npadding-bottom:10px;\ncolor:#e94f2d;\n}\nbody .av-special-heading.av-av_heading-09c59d7d1525144d41054bfa472b952b .av-special-heading-tag .heading-char{\nfont-size:25px;\n}\n.av-special-heading.av-av_heading-09c59d7d1525144d41054bfa472b952b .special-heading-inner-border{\nborder-color:#e94f2d;\n}\n.av-special-heading.av-av_heading-09c59d7d1525144d41054bfa472b952b .av-subheading{\nfont-size:15px;\n}\n<\/style>\n<div  class='av-special-heading av-av_heading-09c59d7d1525144d41054bfa472b952b av-special-heading-h1 custom-color-heading blockquote modern-quote  avia-builder-el-4  el_before_av_three_fifth  avia-builder-el-first '><h1 class='av-special-heading-tag '  itemprop=\"headline\"  >Sofie<\/h1><div class=\"special-heading-border\"><div class=\"special-heading-inner-border\"><\/div><\/div><\/div>\n<div class='flex_column_table av-jhnjk7im-0ebb1e452fc26afaad6e0150bc0cada3 sc-av_three_fifth av-break-at-tablet-flextable av-equal-height-column-flextable'>\n<style type=\"text\/css\" data-created_by=\"avia_inline_auto\" id=\"style-css-av-jhnjk7im-0ebb1e452fc26afaad6e0150bc0cada3\">\n.flex_column.av-jhnjk7im-0ebb1e452fc26afaad6e0150bc0cada3{\nborder-radius:0px 0px 0px 0px;\npadding:0px 0px 0px 0px;\n}\n<\/style>\n<div  class='flex_column av-jhnjk7im-0ebb1e452fc26afaad6e0150bc0cada3 av_three_fifth  avia-builder-el-5  el_after_av_heading  el_before_av_two_fifth  first av-break-at-tablet flex_column_table_cell av-equal-height-column av-align-middle av-zero-column-padding  '     ><div class='avia-data-table-wrap av-xvl6y-b0d3726fad294ffe7f3514c4e7d8028a avia_scrollable_table avia-table-1'><table  class='avia-table avia-data-table avia_pricing_minimal  avia-builder-el-6  avia-builder-el-no-sibling  specifications'  itemscope=\"itemscope\" itemtype=\"https:\/\/schema.org\/Table\" ><tbody><tr class=''><td class=''>Gesamttonnage:<\/td><td class=''>1400T<\/td><\/tr><tr class=''><td class=''>Rauminhalt:<\/td><td class=''>1220m3<\/td><\/tr><tr class=''><td class=''>L x B x T :<\/td><td class=''>84,80 x 9,42 x 3,20 meter<\/td><\/tr><tr class=''><td class=''>Durchfahrtsh\u00f6he leer:<\/td><td class=''>4,63 meter<\/td><\/tr><tr class=''><td class=''>Antrieb:<\/td><td class=''>1 Mitshubisi 940 KW<\/td><\/tr><tr class=''><td class=''>ZKR Stufe 2 Abgaszertifikat:<\/td><td class=''>Ja<\/td><\/tr><tr class=''><td class=''>Ladekapazit\u00e4t: <\/td><td class=''>950 t bei 2,50 Meter Tiefgang<br \/>\n1020 t bei 2,60 Meter Tiefgang<\/td><\/tr><\/tbody><\/table><\/div><\/div><div class='av-flex-placeholder'><\/div>\n<style type=\"text\/css\" data-created_by=\"avia_inline_auto\" id=\"style-css-av-snvz-df114e3e4d00c6b40c56efada26fe496\">\n.flex_column.av-snvz-df114e3e4d00c6b40c56efada26fe496{\nborder-radius:0px 0px 0px 0px;\npadding:0px 0px 0px 0px;\n}\n<\/style>\n<div  class='flex_column av-snvz-df114e3e4d00c6b40c56efada26fe496 av_two_fifth  avia-builder-el-7  el_after_av_three_fifth  avia-builder-el-last  av-break-at-tablet flex_column_table_cell av-equal-height-column av-align-middle av-zero-column-padding  '     ><style type=\"text\/css\" data-created_by=\"avia_inline_auto\" id=\"style-css-av-jlmb83tb-4255e253ec429b556cbebf74dad9750a\">\n#top .avia-gallery.av-jlmb83tb-4255e253ec429b556cbebf74dad9750a .avia-gallery-thumb a{\nwidth:33.3333%;\n}\n<\/style>\n<div  class='avia-gallery av-jlmb83tb-4255e253ec429b556cbebf74dad9750a avia_animate_when_visible  avia-builder-el-8  avia-builder-el-no-sibling  avia_lazyload av-slideshow-ui av-loop-manual-endless av-control-hidden av-navigate-arrows av-navigate-dots hover-effect av-control-hidden avia-gallery-animate avia-gallery-1'  itemprop=\"image\" itemscope=\"itemscope\" itemtype=\"https:\/\/schema.org\/ImageObject\" ><meta itemprop=\"contentURL\" content=\"https:\/\/www.kleinedejong.nl\/de\/sofie\/\"><a class='avia-gallery-big fakeLightbox lightbox avia-gallery-big-crop-thumb ' href=\"https:\/\/www.kleinedejong.nl\/wp-content\/uploads\/2018\/11\/mts-isabel-sofie-3.jpg\" data-srcset=\"https:\/\/www.kleinedejong.nl\/wp-content\/uploads\/2018\/11\/mts-isabel-sofie-3.jpg 1000w, https:\/\/www.kleinedejong.nl\/wp-content\/uploads\/2018\/11\/mts-isabel-sofie-3-300x225.jpg 300w, https:\/\/www.kleinedejong.nl\/wp-content\/uploads\/2018\/11\/mts-isabel-sofie-3-768x576.jpg 768w, https:\/\/www.kleinedejong.nl\/wp-content\/uploads\/2018\/11\/mts-isabel-sofie-3-705x529.jpg 705w, https:\/\/www.kleinedejong.nl\/wp-content\/uploads\/2018\/11\/mts-isabel-sofie-3-450x338.jpg 450w\" data-sizes=\"(max-width: 1000px) 100vw, 1000px\"  data-onclick='1' title='Kleine de Jong' ><span class='avia-gallery-big-inner'  itemprop=\"thumbnailUrl\" ><img decoding=\"async\" fetchpriority=\"high\" class=\"wp-image-1701 avia-img-lazy-loading-not-1701\"  width=\"495\" height=\"400\" src=\"https:\/\/www.kleinedejong.nl\/wp-content\/uploads\/2018\/11\/mts-isabel-sofie-3-495x400.jpg\" title='Kleine de Jong' alt='' srcset=\"https:\/\/www.kleinedejong.nl\/wp-content\/uploads\/2018\/11\/mts-isabel-sofie-3-495x400.jpg 495w, https:\/\/www.kleinedejong.nl\/wp-content\/uploads\/2018\/11\/mts-isabel-sofie-3-845x684.jpg 845w\" sizes=\"(max-width: 495px) 100vw, 495px\" \/><\/span><\/a><div class='avia-gallery-thumb'><a href=\"https:\/\/www.kleinedejong.nl\/wp-content\/uploads\/2018\/11\/mts-isabel-sofie-3.jpg\" data-srcset=\"https:\/\/www.kleinedejong.nl\/wp-content\/uploads\/2018\/11\/mts-isabel-sofie-3.jpg 1000w, https:\/\/www.kleinedejong.nl\/wp-content\/uploads\/2018\/11\/mts-isabel-sofie-3-300x225.jpg 300w, https:\/\/www.kleinedejong.nl\/wp-content\/uploads\/2018\/11\/mts-isabel-sofie-3-768x576.jpg 768w, https:\/\/www.kleinedejong.nl\/wp-content\/uploads\/2018\/11\/mts-isabel-sofie-3-705x529.jpg 705w, https:\/\/www.kleinedejong.nl\/wp-content\/uploads\/2018\/11\/mts-isabel-sofie-3-450x338.jpg 450w\" data-sizes=\"(max-width: 1000px) 100vw, 1000px\" data-rel='gallery-1' data-prev-img='https:\/\/www.kleinedejong.nl\/wp-content\/uploads\/2018\/11\/mts-isabel-sofie-3-495x400.jpg' class='first_thumb lightbox ' data-onclick='1' title='Kleine de Jong'  itemprop=\"thumbnailUrl\"  ><img decoding=\"async\" fetchpriority=\"high\" class=\"wp-image-1701 avia-img-lazy-loading-not-1701\"   src=\"https:\/\/www.kleinedejong.nl\/wp-content\/uploads\/2018\/11\/mts-isabel-sofie-3-495x400.jpg\" width=\"495\" height=\"400\"  title='Kleine de Jong' alt='' srcset=\"https:\/\/www.kleinedejong.nl\/wp-content\/uploads\/2018\/11\/mts-isabel-sofie-3-495x400.jpg 495w, https:\/\/www.kleinedejong.nl\/wp-content\/uploads\/2018\/11\/mts-isabel-sofie-3-845x684.jpg 845w\" sizes=\"(max-width: 495px) 100vw, 495px\" \/><div class='big-prev-fake'><img decoding=\"async\" loading=\"lazy\" class=\"wp-image-1701 avia-img-lazy-loading-1701\"  width=\"495\" height=\"400\" src=\"https:\/\/www.kleinedejong.nl\/wp-content\/uploads\/2018\/11\/mts-isabel-sofie-3-495x400.jpg\" title='Kleine de Jong' alt='' srcset=\"https:\/\/www.kleinedejong.nl\/wp-content\/uploads\/2018\/11\/mts-isabel-sofie-3-495x400.jpg 495w, https:\/\/www.kleinedejong.nl\/wp-content\/uploads\/2018\/11\/mts-isabel-sofie-3-845x684.jpg 845w\" sizes=\"auto, (max-width: 495px) 100vw, 495px\" \/><\/div><\/a><a href=\"https:\/\/www.kleinedejong.nl\/wp-content\/uploads\/2018\/11\/mts-isabel-sofie-2-773x1030.jpg\" data-srcset=\"https:\/\/www.kleinedejong.nl\/wp-content\/uploads\/2018\/11\/mts-isabel-sofie-2-773x1030.jpg 773w, https:\/\/www.kleinedejong.nl\/wp-content\/uploads\/2018\/11\/mts-isabel-sofie-2-225x300.jpg 225w, https:\/\/www.kleinedejong.nl\/wp-content\/uploads\/2018\/11\/mts-isabel-sofie-2-768x1024.jpg 768w, https:\/\/www.kleinedejong.nl\/wp-content\/uploads\/2018\/11\/mts-isabel-sofie-2-529x705.jpg 529w, https:\/\/www.kleinedejong.nl\/wp-content\/uploads\/2018\/11\/mts-isabel-sofie-2-450x600.jpg 450w, https:\/\/www.kleinedejong.nl\/wp-content\/uploads\/2018\/11\/mts-isabel-sofie-2.jpg 1000w\" data-sizes=\"(max-width: 773px) 100vw, 773px\" data-rel='gallery-1' data-prev-img='https:\/\/www.kleinedejong.nl\/wp-content\/uploads\/2018\/11\/mts-isabel-sofie-2-495x400.jpg' class='lightbox ' data-onclick='2' title='mts-isabel-sofie-2'  itemprop=\"thumbnailUrl\"  ><img decoding=\"async\" fetchpriority=\"high\" class=\"wp-image-1700 avia-img-lazy-loading-not-1700\"   src=\"https:\/\/www.kleinedejong.nl\/wp-content\/uploads\/2018\/11\/mts-isabel-sofie-2-495x400.jpg\" width=\"495\" height=\"400\"  title='mts-isabel-sofie-2' alt='' srcset=\"https:\/\/www.kleinedejong.nl\/wp-content\/uploads\/2018\/11\/mts-isabel-sofie-2-495x400.jpg 495w, https:\/\/www.kleinedejong.nl\/wp-content\/uploads\/2018\/11\/mts-isabel-sofie-2-845x684.jpg 845w\" sizes=\"(max-width: 495px) 100vw, 495px\" \/><div class='big-prev-fake'><img decoding=\"async\" loading=\"lazy\" class=\"wp-image-1700 avia-img-lazy-loading-1700\"  width=\"495\" height=\"400\" src=\"https:\/\/www.kleinedejong.nl\/wp-content\/uploads\/2018\/11\/mts-isabel-sofie-2-495x400.jpg\" title='mts-isabel-sofie-2' alt='' srcset=\"https:\/\/www.kleinedejong.nl\/wp-content\/uploads\/2018\/11\/mts-isabel-sofie-2-495x400.jpg 495w, https:\/\/www.kleinedejong.nl\/wp-content\/uploads\/2018\/11\/mts-isabel-sofie-2-845x684.jpg 845w\" sizes=\"auto, (max-width: 495px) 100vw, 495px\" \/><\/div><\/a><a href=\"https:\/\/www.kleinedejong.nl\/wp-content\/uploads\/2018\/11\/1.jpg\" data-srcset=\"https:\/\/www.kleinedejong.nl\/wp-content\/uploads\/2018\/11\/1.jpg 800w, https:\/\/www.kleinedejong.nl\/wp-content\/uploads\/2018\/11\/1-300x225.jpg 300w, https:\/\/www.kleinedejong.nl\/wp-content\/uploads\/2018\/11\/1-768x576.jpg 768w, https:\/\/www.kleinedejong.nl\/wp-content\/uploads\/2018\/11\/1-705x529.jpg 705w, https:\/\/www.kleinedejong.nl\/wp-content\/uploads\/2018\/11\/1-450x338.jpg 450w\" data-sizes=\"(max-width: 800px) 100vw, 800px\" data-rel='gallery-1' data-prev-img='https:\/\/www.kleinedejong.nl\/wp-content\/uploads\/2018\/11\/1-495x400.jpg' class='lightbox ' data-onclick='3' title='1Kleine de Jong'  itemprop=\"thumbnailUrl\"  ><img decoding=\"async\" fetchpriority=\"high\" class=\"wp-image-1734 avia-img-lazy-loading-not-1734\"   src=\"https:\/\/www.kleinedejong.nl\/wp-content\/uploads\/2018\/11\/1-495x400.jpg\" width=\"495\" height=\"400\"  title='1Kleine de Jong' alt='' \/><div class='big-prev-fake'><img decoding=\"async\" loading=\"lazy\" class=\"wp-image-1734 avia-img-lazy-loading-1734\"  width=\"495\" height=\"400\" src=\"https:\/\/www.kleinedejong.nl\/wp-content\/uploads\/2018\/11\/1-495x400.jpg\" title='1Kleine de Jong' alt='' \/><\/div><\/a><a href=\"https:\/\/www.kleinedejong.nl\/wp-content\/uploads\/2018\/11\/7-PHOTO-2017-lossen-maastricht-579x1030.jpg\" data-srcset=\"https:\/\/www.kleinedejong.nl\/wp-content\/uploads\/2018\/11\/7-PHOTO-2017-lossen-maastricht-579x1030.jpg 579w, https:\/\/www.kleinedejong.nl\/wp-content\/uploads\/2018\/11\/7-PHOTO-2017-lossen-maastricht-169x300.jpg 169w, https:\/\/www.kleinedejong.nl\/wp-content\/uploads\/2018\/11\/7-PHOTO-2017-lossen-maastricht-768x1367.jpg 768w, https:\/\/www.kleinedejong.nl\/wp-content\/uploads\/2018\/11\/7-PHOTO-2017-lossen-maastricht-843x1500.jpg 843w, https:\/\/www.kleinedejong.nl\/wp-content\/uploads\/2018\/11\/7-PHOTO-2017-lossen-maastricht-396x705.jpg 396w, https:\/\/www.kleinedejong.nl\/wp-content\/uploads\/2018\/11\/7-PHOTO-2017-lossen-maastricht-450x801.jpg 450w, https:\/\/www.kleinedejong.nl\/wp-content\/uploads\/2018\/11\/7-PHOTO-2017-lossen-maastricht.jpg 899w\" data-sizes=\"(max-width: 579px) 100vw, 579px\" data-rel='gallery-1' data-prev-img='https:\/\/www.kleinedejong.nl\/wp-content\/uploads\/2018\/11\/7-PHOTO-2017-lossen-maastricht-495x400.jpg' class='first_thumb lightbox ' data-onclick='4' title='Kleine de Jong'  itemprop=\"thumbnailUrl\"  ><img decoding=\"async\" fetchpriority=\"high\" class=\"wp-image-1697 avia-img-lazy-loading-not-1697\"   src=\"https:\/\/www.kleinedejong.nl\/wp-content\/uploads\/2018\/11\/7-PHOTO-2017-lossen-maastricht-495x400.jpg\" width=\"495\" height=\"400\"  title='Kleine de Jong' alt='' srcset=\"https:\/\/www.kleinedejong.nl\/wp-content\/uploads\/2018\/11\/7-PHOTO-2017-lossen-maastricht-495x400.jpg 495w, https:\/\/www.kleinedejong.nl\/wp-content\/uploads\/2018\/11\/7-PHOTO-2017-lossen-maastricht-845x684.jpg 845w\" sizes=\"(max-width: 495px) 100vw, 495px\" \/><div class='big-prev-fake'><img decoding=\"async\" loading=\"lazy\" class=\"wp-image-1697 avia-img-lazy-loading-1697\"  width=\"495\" height=\"400\" src=\"https:\/\/www.kleinedejong.nl\/wp-content\/uploads\/2018\/11\/7-PHOTO-2017-lossen-maastricht-495x400.jpg\" title='Kleine de Jong' alt='' srcset=\"https:\/\/www.kleinedejong.nl\/wp-content\/uploads\/2018\/11\/7-PHOTO-2017-lossen-maastricht-495x400.jpg 495w, https:\/\/www.kleinedejong.nl\/wp-content\/uploads\/2018\/11\/7-PHOTO-2017-lossen-maastricht-845x684.jpg 845w\" sizes=\"auto, (max-width: 495px) 100vw, 495px\" \/><\/div><\/a><a href=\"https:\/\/www.kleinedejong.nl\/wp-content\/uploads\/2018\/11\/mts-isabel-sofie-1.jpg\" data-srcset=\"https:\/\/www.kleinedejong.nl\/wp-content\/uploads\/2018\/11\/mts-isabel-sofie-1.jpg 1000w, https:\/\/www.kleinedejong.nl\/wp-content\/uploads\/2018\/11\/mts-isabel-sofie-1-300x169.jpg 300w, https:\/\/www.kleinedejong.nl\/wp-content\/uploads\/2018\/11\/mts-isabel-sofie-1-768x432.jpg 768w, https:\/\/www.kleinedejong.nl\/wp-content\/uploads\/2018\/11\/mts-isabel-sofie-1-705x397.jpg 705w, https:\/\/www.kleinedejong.nl\/wp-content\/uploads\/2018\/11\/mts-isabel-sofie-1-450x253.jpg 450w\" data-sizes=\"(max-width: 1000px) 100vw, 1000px\" data-rel='gallery-1' data-prev-img='https:\/\/www.kleinedejong.nl\/wp-content\/uploads\/2018\/11\/mts-isabel-sofie-1-495x400.jpg' class='lightbox ' data-onclick='5' title='Kleine de Jong'  itemprop=\"thumbnailUrl\"  ><img decoding=\"async\" fetchpriority=\"high\" class=\"wp-image-1698 avia-img-lazy-loading-not-1698\"   src=\"https:\/\/www.kleinedejong.nl\/wp-content\/uploads\/2018\/11\/mts-isabel-sofie-1-495x400.jpg\" width=\"495\" height=\"400\"  title='Kleine de Jong' alt='' \/><div class='big-prev-fake'><img decoding=\"async\" loading=\"lazy\" class=\"wp-image-1698 avia-img-lazy-loading-1698\"  width=\"495\" height=\"400\" src=\"https:\/\/www.kleinedejong.nl\/wp-content\/uploads\/2018\/11\/mts-isabel-sofie-1-495x400.jpg\" title='Kleine de Jong' alt='' \/><\/div><\/a><a href=\"https:\/\/www.kleinedejong.nl\/wp-content\/uploads\/2018\/11\/mts-isabel-sofie.jpg\" data-srcset=\"https:\/\/www.kleinedejong.nl\/wp-content\/uploads\/2018\/11\/mts-isabel-sofie.jpg 1000w, https:\/\/www.kleinedejong.nl\/wp-content\/uploads\/2018\/11\/mts-isabel-sofie-300x225.jpg 300w, https:\/\/www.kleinedejong.nl\/wp-content\/uploads\/2018\/11\/mts-isabel-sofie-768x576.jpg 768w, https:\/\/www.kleinedejong.nl\/wp-content\/uploads\/2018\/11\/mts-isabel-sofie-705x529.jpg 705w, https:\/\/www.kleinedejong.nl\/wp-content\/uploads\/2018\/11\/mts-isabel-sofie-450x338.jpg 450w\" data-sizes=\"(max-width: 1000px) 100vw, 1000px\" data-rel='gallery-1' data-prev-img='https:\/\/www.kleinedejong.nl\/wp-content\/uploads\/2018\/11\/mts-isabel-sofie-495x400.jpg' class='lightbox ' data-onclick='6' title='Kleine de Jong'  itemprop=\"thumbnailUrl\"  ><img decoding=\"async\" fetchpriority=\"high\" class=\"wp-image-1699 avia-img-lazy-loading-not-1699\"   src=\"https:\/\/www.kleinedejong.nl\/wp-content\/uploads\/2018\/11\/mts-isabel-sofie-495x400.jpg\" width=\"495\" height=\"400\"  title='Kleine de Jong' alt='' srcset=\"https:\/\/www.kleinedejong.nl\/wp-content\/uploads\/2018\/11\/mts-isabel-sofie-495x400.jpg 495w, https:\/\/www.kleinedejong.nl\/wp-content\/uploads\/2018\/11\/mts-isabel-sofie-845x684.jpg 845w\" sizes=\"(max-width: 495px) 100vw, 495px\" \/><div class='big-prev-fake'><img decoding=\"async\" loading=\"lazy\" class=\"wp-image-1699 avia-img-lazy-loading-1699\"  width=\"495\" height=\"400\" src=\"https:\/\/www.kleinedejong.nl\/wp-content\/uploads\/2018\/11\/mts-isabel-sofie-495x400.jpg\" title='Kleine de Jong' alt='' srcset=\"https:\/\/www.kleinedejong.nl\/wp-content\/uploads\/2018\/11\/mts-isabel-sofie-495x400.jpg 495w, https:\/\/www.kleinedejong.nl\/wp-content\/uploads\/2018\/11\/mts-isabel-sofie-845x684.jpg 845w\" sizes=\"auto, (max-width: 495px) 100vw, 495px\" \/><\/div><\/a><\/div><\/div><\/div><\/div><!--close column table wrapper. Autoclose: 1 --><\/div><\/div><\/div><!-- close content main div --><\/div><\/div><div id='av_section_3'  class='avia-section av-s0w7-f89cc857616c4048d9efefd1d818cb3d main_color avia-section-default avia-no-border-styling  avia-builder-el-9  el_after_av_section  avia-builder-el-last  avia-bg-style-scroll container_wrap fullsize'  ><div class='container av-section-cont-open' ><div class='template-page content  av-content-full alpha units'><div class='post-entry post-entry-type-page post-entry-1769'><div class='entry-content-wrapper clearfix'>\n<div class='avia-data-table-wrap av-21926-efd27fe492b72d3b50a303d57e94d851 avia_scrollable_table avia-table-2'><table  class='avia-table avia-data-table avia_pricing_minimal  avia-builder-el-10  el_before_av_hr  avia-builder-el-first  specifications'  itemscope=\"itemscope\" itemtype=\"https:\/\/schema.org\/Table\" ><tbody><tr class=''><td class=''>L\u00f6schgeschwindigkeit:<\/td><td class=''>150 &#8211; 500 t pro Stunde<\/td><\/tr><tr class=''><td class=''>Kompressoren:<\/td><td class=''>2 * 35m3 Atlas Copco<\/td><\/tr><tr class=''><td class=''>Antriebsmotoren:<\/td><td class=''>Dieselelektrisch<\/td><\/tr><tr class=''><td class=''>Tankbeh\u00e4lter:<\/td><td class=''>6<\/td><\/tr><tr class=''><td class=''>Anzahl Partien:<\/td><td class=''>3<\/td><\/tr><tr class=''><td class=''>Eichsystem:<\/td><td class=''><a href=\"http:\/\/www.cumarine.nl\/nl\" target=\"blank\">Cumarine<\/a><\/td><\/tr><tr class=''><td class=''>Ladeanschluss Verladebalg:<\/td><td class=''>4 Tankanschl\u00fcsse f\u00fcr Verladebalg (flexibler Schlauch)<\/td><\/tr><tr class=''><td class=''>Ladeanschluss Schlauch:<\/td><td class=''>5 SB &amp; 3 BB Anschluss ist 4<\/td><\/tr><tr class=''><td class=''>Zentrale Lade- und L\u00f6schleitung:<\/td><td class=''>Ja<\/td><\/tr><tr class=''><td class=''>L\u00f6schkran:<\/td><td class=''>14 m<\/td><\/tr><tr class=''><td class=''>L\u00f6schkran-L\u00f6schleitung:<\/td><td class=''>2 L\u00f6schleitungen: 1 * 8\u2033 &amp; 1 * 6\u2033<\/td><\/tr><\/tbody><\/table><\/div>\n\n<style type=\"text\/css\" data-created_by=\"avia_inline_auto\" id=\"style-css-av-jl24oohu-c06b2a9cfceb24132cfa407cf885f43d\">\n#top .hr.hr-invisible.av-jl24oohu-c06b2a9cfceb24132cfa407cf885f43d{\nheight:25px;\n}\n<\/style>\n<div  class='hr av-jl24oohu-c06b2a9cfceb24132cfa407cf885f43d hr-invisible  avia-builder-el-11  el_after_av_table  el_before_av_textblock '><span class='hr-inner '><span class=\"hr-inner-style\"><\/span><\/span><\/div>\n<section  class='av_textblock_section av-jl24n81r-9200bf0e12d315e6c815b385814a4c5d '   itemscope=\"itemscope\" itemtype=\"https:\/\/schema.org\/CreativeWork\" ><div class='avia_textblock'  itemprop=\"text\" ><p><strong>Besonderheiten:<\/strong> Beim Umbau der Sofie zu einem auf pulverf\u00f6rmige Masseng\u00fcter spezialisierten Siloschiff wurde die Durchfahrtsh\u00f6he optimiert. Mit dem neuen Steuerhaus ist sie u. a. f\u00fcr deutsche Kan\u00e4le optimal geeignet.<\/p>\n<p>Die Ladung wird in Zylindertanks transportiert, die zum L\u00f6schen unter Druck gesetzt werden k\u00f6nnen. Das L\u00f6schsystem mit Doppel-Kompressor-System gew\u00e4hrleistet eine \u00e4u\u00dferst hohe L\u00f6schgeschwindigkeit. Die Kaianschl\u00fcsse sind mit dem 14 Meter hohen L\u00f6schkran gut erreichbar. Der Kran ist mit zwei L\u00f6schschl\u00e4uchen ausger\u00fcstet, die gleichzeitig eingesetzt werden k\u00f6nnen. Bei einem Schlauchdurchmesser von 15 bzw. 20 cm kann wiederum eine hohe L\u00f6schgeschwindigkeit erreicht werden.<\/p>\n<p>Eine der Besonderheiten, die die Sofie zu einem \u00e4u\u00dferst wettbewerbsf\u00e4higen Zementfrachter machen, sind die Filtertanks, die unerw\u00fcnschte Staubemissionen verhindern. Damit werden die heutzutage auferlegten Umweltauflagen erf\u00fcllt.<\/p>\n<p>Zur Ermittlung der geladenen Produktmenge setzen wir ein Eichsystem ein, das exakt den Tiefgang, die Tonnage sowie die Lade- und L\u00f6schgeschwindigkeit bestimmt.<\/p>\n<\/div><\/section>\n<\/p>\n","protected":false},"excerpt":{"rendered":"","protected":false},"author":1,"featured_media":0,"parent":0,"menu_order":0,"comment_status":"closed","ping_status":"closed","template":"","meta":{"_acf_changed":false,"footnotes":""},"class_list":["post-1769","page","type-page","status-publish","hentry"],"acf":[],"_links":{"self":[{"href":"https:\/\/www.kleinedejong.nl\/de\/wp-json\/wp\/v2\/pages\/1769","targetHints":{"allow":["GET"]}}],"collection":[{"href":"https:\/\/www.kleinedejong.nl\/de\/wp-json\/wp\/v2\/pages"}],"about":[{"href":"https:\/\/www.kleinedejong.nl\/de\/wp-json\/wp\/v2\/types\/page"}],"author":[{"embeddable":true,"href":"https:\/\/www.kleinedejong.nl\/de\/wp-json\/wp\/v2\/users\/1"}],"replies":[{"embeddable":true,"href":"https:\/\/www.kleinedejong.nl\/de\/wp-json\/wp\/v2\/comments?post=1769"}],"version-history":[{"count":2,"href":"https:\/\/www.kleinedejong.nl\/de\/wp-json\/wp\/v2\/pages\/1769\/revisions"}],"predecessor-version":[{"id":1819,"href":"https:\/\/www.kleinedejong.nl\/de\/wp-json\/wp\/v2\/pages\/1769\/revisions\/1819"}],"wp:attachment":[{"href":"https:\/\/www.kleinedejong.nl\/de\/wp-json\/wp\/v2\/media?parent=1769"}],"curies":[{"name":"wp","href":"https:\/\/api.w.org\/{rel}","templated":true}]}}